{"id":19,"date":"2016-11-08T23:00:37","date_gmt":"2016-11-08T22:00:37","guid":{"rendered":"http:\/\/www.dnfi.eu\/?page_id=19"},"modified":"2025-10-29T10:51:08","modified_gmt":"2025-10-29T09:51:08","slug":"ueber-mich","status":"publish","type":"page","link":"http:\/\/www.dnfi.eu\/DNFI\/?page_id=19","title":{"rendered":"\u00dcber mich&#8230;"},"content":{"rendered":"<p><span style=\"color: #ff6600;\"><strong>\u201eAlle Erfolge im Fu\u00dfball wird nur Wirklichkeit, wenn irgendwer mehr tut, als er tun m\u00fcsste\u201c <\/strong><\/span><em>(Hermann Gmeiner)<\/em><strong><br \/>\n<\/strong><\/p>\n<p>Dank eines Kollegen dreht sich bei mir alles nur noch um Fu\u00dfball. Als ich 1989 mit meinen Trainerlizenzen begann, wurde ich auch ein besserer Fu\u00dfballer. Zu meiner Zeit war Ajax Amsterdam in den 1970er-Jahren unaufhaltsam \u2013 Inspiration genug.<br \/>\nIch begann als Fu\u00dfballtrainer ganz unten. Mir wurde schnell klar, dass ich sehr ehrgeizige Ziele hatte, und so trainierte ich innerhalb von vier Jahren bereits auf einem beachtlichen Amateur-Niveau.<br \/>\nW\u00e4hrend meiner Ausbildung wurde ich 1991 Vorstandsmitglied der VVON (Verband niederl\u00e4ndischer Amateurtrainer) in der Region Ost und war von 1999 bis 2009 Mitglied im Hauptvorstand (Beirat) auf Landesebene.<br \/>\nIm Jahr 2002 zog ich nach Deutschland, kurz hinter die Grenze, und begann 2007 als Jugendtrainer in dem kleinen Dorf, in dem ich wohnte. Von diesem Moment an habe ich nur noch gute Erinnerungen. In Deutschland habe ich etwas mehr Respekt und Akzeptanz erfahren \u2013 und gelernt, Menschen zu sch\u00e4tzen, die anerkennen, was man tut. Das gab mir den Ansto\u00df, mich weiterzuentwickeln, und daf\u00fcr bin ich vielen dankbar.<br \/>\nMein gr\u00f6\u00dfter Erfolg war der Gewinn der Meisterschaft in der h\u00f6chsten Amateurliga (Hauptklasse B) mit der U21 des SC Enschede in der Saison 2005\/06. Es war ein besonderer Abschied aus den Niederlanden als Cheftrainer \u2013 verbunden mit vielen wunderbaren Erinnerungen.<br \/>\nAb 2007 konzentrierte ich mich vollst\u00e4ndig auf die Jugendarbeit in allen Altersklassen \u2013 als Jugend- und Kindertrainer ebenso wie als Autor.<\/p>\n<p>&nbsp;<\/p>\n<p><a href=\"https:\/\/willykaspers.wordpress.com\/\">https:\/\/willykaspers.wordpress.com\/<\/a><\/p>\n<h4><img loading=\"lazy\" decoding=\"async\" class=\"alignnone size-medium wp-image-501\" src=\"http:\/\/www.dnfi.eu\/DNFI\/wp-content\/uploads\/2025\/10\/Willy-310x304.png\" alt=\"\" width=\"310\" height=\"304\" srcset=\"http:\/\/www.dnfi.eu\/DNFI\/wp-content\/uploads\/2025\/10\/Willy-310x304.png 310w, http:\/\/www.dnfi.eu\/DNFI\/wp-content\/uploads\/2025\/10\/Willy-150x147.png 150w, http:\/\/www.dnfi.eu\/DNFI\/wp-content\/uploads\/2025\/10\/Willy-768x753.png 768w, http:\/\/www.dnfi.eu\/DNFI\/wp-content\/uploads\/2025\/10\/Willy-1x1.png 1w, http:\/\/www.dnfi.eu\/DNFI\/wp-content\/uploads\/2025\/10\/Willy.png 864w\" sizes=\"auto, (max-width: 310px) 100vw, 310px\" \/><\/h4>\n<h4><\/h4>\n<h4><span style=\"color: #ff6600;\">Ausbildung:<\/span><\/h4>\n<ul>\n<li>Lizenzinhaber UEFA &#8211; A &#8211; Level<\/li>\n<\/ul>\n<h4><span style=\"color: #ff6600;\">Erfahrungen\/T\u00e4tigkeiten:<\/span><\/h4>\n<ul>\n<li>Sportlicher Leiter DNFI<\/li>\n<li>Nachwuchstrainer \/ \u00dcbungsleiter SV Schermbeck 2020 (Interim U17 und U12) ab saison 2024 bis Heute.<\/li>\n<li>Nachwuchstrainer \/ \u00dcbungsleiter SG Wattenscheid 09 (U8, U9, U16, U17 und U19) ab Saison 2017 bis 2024.<\/li>\n<li>Ehem. Nachwuchstrainer \/ Talentf\u00f6rderung U12 und U14 SC Rot-Wei\u00df Oberhausen<\/li>\n<li>Langj\u00e4hrige Trainererfahrung im Senioren, Kinder- und Jugendfu\u00dfball aller Altersklassen<\/li>\n<li>Freier Autor Trainings\u00fcbungen f\u00fcr easy Sports-Software (Fu\u00dfballtraining24.de)<\/li>\n<li>Mitarbeiter Deutsche Fu\u00dfball Akademie (DFA)<\/li>\n<li>Ehem. Zusammenarbeit mit Fu\u00dfball-Motorik-Schule (Four Physis Fu\u00dfballschule)<\/li>\n<li>Zusammenarbeit mit IFJ96 (Institut f\u00fcr Jugendfu\u00dfball) als Autor und Referent beim Derbystar Jugend- und Amateur Kongresse 2018 und 2019.<\/li>\n<\/ul>\n<h4>\u00a0\u00a0\u00a0<span style=\"color: #ff6600;\"> Internationale Erfahrungen\/T\u00e4tigkeiten:<\/span><\/h4>\n<ul>\n<li>Ehem. Zusammenarbeit mit Grasshoppers Club Z\u00fcrich (2010-2012)<\/li>\n<li>Ehem. Zusammenarbeit mit Pro Fu\u00dfballevents (CH) (2007 &#8211; 2010) und 2012<\/li>\n<li>Ehem. Vorstandsmitglied der VVON (Verband der niederl\u00e4ndischen Amateurtrainer) (1995 bis 2009)<\/li>\n<li>Ehem. Regional\u2013Scout FC Twente Enschede (Kreis Borken und Niedersachsen)<\/li>\n<li>Erfahrungen bei FIFA-Veranstaltungen Doping Control WM U.20 2005 (NL) &#8211; WM 2006 (D)<\/li>\n<li>Zusammenarbeit mit Kick-Inn (Kosovo) 2017 und 2025<\/li>\n<\/ul>\n","protected":false},"excerpt":{"rendered":"<p>\u201eAlle Erfolge im Fu\u00dfball wird nur Wirklichkeit, wenn irgendwer mehr tut, als er tun m\u00fcsste\u201c (Hermann Gmeiner) Dank eines Kollegen dreht sich bei mir alles nur noch um Fu\u00dfball. Als ich 1989 mit meinen Trainerlizenzen begann, wurde ich auch ein besserer Fu\u00dfballer. Zu meiner Zeit war Ajax Amsterdam in den 1970er-Jahren unaufhaltsam \u2013 Inspiration genug. [&hellip;]<\/p>\n","protected":false},"author":1,"featured_media":0,"parent":0,"menu_order":0,"comment_status":"closed","ping_status":"closed","template":"","meta":{"jetpack_post_was_ever_published":false,"footnotes":""},"class_list":["post-19","page","type-page","status-publish","hentry"],"jetpack_sharing_enabled":true,"jetpack_shortlink":"https:\/\/wp.me\/Pa9Cqd-j","_links":{"self":[{"href":"http:\/\/www.dnfi.eu\/DNFI\/index.php?rest_route=\/wp\/v2\/pages\/19","targetHints":{"allow":["GET"]}}],"collection":[{"href":"http:\/\/www.dnfi.eu\/DNFI\/index.php?rest_route=\/wp\/v2\/pages"}],"about":[{"href":"http:\/\/www.dnfi.eu\/DNFI\/index.php?rest_route=\/wp\/v2\/types\/page"}],"author":[{"embeddable":true,"href":"http:\/\/www.dnfi.eu\/DNFI\/index.php?rest_route=\/wp\/v2\/users\/1"}],"replies":[{"embeddable":true,"href":"http:\/\/www.dnfi.eu\/DNFI\/index.php?rest_route=%2Fwp%2Fv2%2Fcomments&post=19"}],"version-history":[{"count":38,"href":"http:\/\/www.dnfi.eu\/DNFI\/index.php?rest_route=\/wp\/v2\/pages\/19\/revisions"}],"predecessor-version":[{"id":508,"href":"http:\/\/www.dnfi.eu\/DNFI\/index.php?rest_route=\/wp\/v2\/pages\/19\/revisions\/508"}],"wp:attachment":[{"href":"http:\/\/www.dnfi.eu\/DNFI\/index.php?rest_route=%2Fwp%2Fv2%2Fmedia&parent=19"}],"curies":[{"name":"wp","href":"https:\/\/api.w.org\/{rel}","templated":true}]}}