{"id":2,"date":"2016-11-07T23:43:18","date_gmt":"2016-11-07T22:43:18","guid":{"rendered":"http:\/\/www.dnfi.eu\/DNFI\/?page_id=2"},"modified":"2018-01-02T20:00:26","modified_gmt":"2018-01-02T19:00:26","slug":"beispiel-seite","status":"publish","type":"page","link":"http:\/\/www.dnfi.eu\/DNFI\/?page_id=2","title":{"rendered":"Herzlich Willkommen&#8230;"},"content":{"rendered":"<p><span style=\"color: #ff6600;\"><strong>&#8222;Erfolgreiche Talententwicklung ist in hohem Ma\u00dfe vom Training und der richtigen Vermittlung abh\u00e4ngig&#8220;<\/strong><\/span><\/p>\n<div class=\"wrapper section-inner\"><\/div>\n<div align=\"center\">\n<table class=\"contentpaneopen\" align=\"center\">\n<tbody>\n<tr>\n<td class=\"contentheading\" width=\"100%\">\n<h3 align=\"left\"><span style=\"color: #ff6600;\"><b>Das Deutsch-Niederl\u00e4ndisches Fussball-Institut<\/b><\/span><\/h3>\n<\/td>\n<\/tr>\n<\/tbody>\n<\/table>\n<\/div>\n<table class=\"contentpaneopen\" style=\"height: 675px;\" border=\"0\" width=\"830\">\n<tbody>\n<tr>\n<td colspan=\"2\" valign=\"top\">\n<p align=\"left\">versteht sich als professionelle Erg\u00e4nzung zum Vereinstraining, das jedem Kind erm\u00f6glichen soll, optimal nach seinen individuellen Neigungen und nach seiner Eignung ausgebildet zu werden, mit einer professionellen Ausbildung&#8230;<\/p>\n<p>Das DNFI ist eine Initiative, das sich mit kindgerechtem und professionellem Trainingsequipment, sowie lizenzierten Fu\u00dfballtrainer aus Deutschland, und den Niederlanden zum Ziele gesetzt hat, die Rahmenbedingungen\u00a0f\u00fcr die Fu\u00dfballtrainingseinheiten als wesentliche Merkmale zu optimieren und zu f\u00f6rdern, und uns zur Aufgabe gemacht\u00a0Spieler und Fu\u00dfballvereine zu unterst\u00fctzen.<\/p>\n<p align=\"left\"><b>Unser\u00a0Philosophie<\/b><\/p>\n<p align=\"left\">Spa\u00df am Fu\u00dfball,\u00a0Technik, und Disziplin sind\u00a0die wichtigsten Bestandteile der\u00a0Niederl\u00e4ndische Fu\u00dfballschule.<\/p>\n<p align=\"left\"><b>Schnelligkeit<\/b>: Handlung Schnelligkeit am Ball, schnell im Denken,\u00a0auf neue Situationen reagieren und Das Spiel \u201clesen\u201d k\u00f6nnen und Lernen!<\/p>\n<p align=\"left\"><b>Technik:<\/b>\u00a0Dribbeln, Passspiel, Ballannahme, Ballmitnahme, Beidf\u00fcssigkeit, Finten,\u00a0Eins gegen Eins \u2013 Situationen, Kreativit\u00e4t\u00a0usw.<\/p>\n<p align=\"left\"><img loading=\"lazy\" decoding=\"async\" class=\" wp-image-315 aligncenter\" src=\"http:\/\/www.dnfi.eu\/DNFI\/wp-content\/uploads\/2016\/11\/technik-1_2_3_tonemapped-310x229.jpg\" alt=\"\" width=\"507\" height=\"374\" srcset=\"http:\/\/www.dnfi.eu\/DNFI\/wp-content\/uploads\/2016\/11\/technik-1_2_3_tonemapped-310x229.jpg 310w, http:\/\/www.dnfi.eu\/DNFI\/wp-content\/uploads\/2016\/11\/technik-1_2_3_tonemapped-150x111.jpg 150w, http:\/\/www.dnfi.eu\/DNFI\/wp-content\/uploads\/2016\/11\/technik-1_2_3_tonemapped-768x568.jpg 768w, http:\/\/www.dnfi.eu\/DNFI\/wp-content\/uploads\/2016\/11\/technik-1_2_3_tonemapped-1024x758.jpg 1024w, http:\/\/www.dnfi.eu\/DNFI\/wp-content\/uploads\/2016\/11\/technik-1_2_3_tonemapped-1x1.jpg 1w\" sizes=\"auto, (max-width: 507px) 100vw, 507px\" \/><\/p>\n<p align=\"left\"><b>Charakterbestimmend und Pers\u00f6nlichkeit:<\/b>\u00a0Teamgeist, Verantwortung, Willensst\u00e4rke, Durchsetzungsverm\u00f6gen, und Kommunative F\u00e4higkeiten (<i>F\u00fchrungsperson<\/i>).<\/p>\n<p align=\"left\"><strong>Praxis (Attraktiv und Motivierend)<\/strong><\/p>\n<p>Es ist ein weiter Weg vom Anf\u00e4nger (Bambinis) bis zum erfolgreichen A-Jugendspieler, und wie erreichen wir das Ziel? Wichtig sind erstmals die Kinder f\u00fcrs Fu\u00dfball zu Begeistern, und sie m\u00f6glichst Lebenslang beim Fu\u00dfball bleiben. Attraktive und motivierende Trainingsarbeit ist angesagt, und die Kinder optimal f\u00f6rdern. Die Ausbildungskonzeption des DNFI bietet jedem Trainer im Fu\u00dfball exakt hierf\u00fcr eine hilfreiche sportliche Orientierung.<\/p>\n<p><strong>Urheberrecht gesch\u00fctzt<\/strong><\/p>\n<p>Unsere \u00dcbungen-Grafiken d\u00fcrfen nicht f\u00fcr Kommerzielle Zwecke benutzt werden.<\/p>\n<p align=\"left\">\n<\/td>\n<\/tr>\n<\/tbody>\n<\/table>\n<p>&nbsp;<\/p>\n","protected":false},"excerpt":{"rendered":"<p>&#8222;Erfolgreiche Talententwicklung ist in hohem Ma\u00dfe vom Training und der richtigen Vermittlung abh\u00e4ngig&#8220; Das Deutsch-Niederl\u00e4ndisches Fussball-Institut versteht sich als professionelle Erg\u00e4nzung zum Vereinstraining, das jedem Kind erm\u00f6glichen soll, optimal nach seinen individuellen Neigungen und nach seiner Eignung ausgebildet zu werden, mit einer professionellen Ausbildung&#8230; Das DNFI ist eine Initiative, das sich mit kindgerechtem und professionellem [&hellip;]<\/p>\n","protected":false},"author":1,"featured_media":0,"parent":0,"menu_order":0,"comment_status":"closed","ping_status":"open","template":"","meta":{"jetpack_post_was_ever_published":false,"footnotes":""},"class_list":["post-2","page","type-page","status-publish","hentry"],"jetpack_sharing_enabled":true,"jetpack_shortlink":"https:\/\/wp.me\/Pa9Cqd-2","_links":{"self":[{"href":"http:\/\/www.dnfi.eu\/DNFI\/index.php?rest_route=\/wp\/v2\/pages\/2","targetHints":{"allow":["GET"]}}],"collection":[{"href":"http:\/\/www.dnfi.eu\/DNFI\/index.php?rest_route=\/wp\/v2\/pages"}],"about":[{"href":"http:\/\/www.dnfi.eu\/DNFI\/index.php?rest_route=\/wp\/v2\/types\/page"}],"author":[{"embeddable":true,"href":"http:\/\/www.dnfi.eu\/DNFI\/index.php?rest_route=\/wp\/v2\/users\/1"}],"replies":[{"embeddable":true,"href":"http:\/\/www.dnfi.eu\/DNFI\/index.php?rest_route=%2Fwp%2Fv2%2Fcomments&post=2"}],"version-history":[{"count":23,"href":"http:\/\/www.dnfi.eu\/DNFI\/index.php?rest_route=\/wp\/v2\/pages\/2\/revisions"}],"predecessor-version":[{"id":389,"href":"http:\/\/www.dnfi.eu\/DNFI\/index.php?rest_route=\/wp\/v2\/pages\/2\/revisions\/389"}],"wp:attachment":[{"href":"http:\/\/www.dnfi.eu\/DNFI\/index.php?rest_route=%2Fwp%2Fv2%2Fmedia&parent=2"}],"curies":[{"name":"wp","href":"https:\/\/api.w.org\/{rel}","templated":true}]}}