{"id":476,"date":"2025-09-29T15:27:58","date_gmt":"2025-09-29T13:27:58","guid":{"rendered":"http:\/\/www.dnfi.eu\/DNFI\/?page_id=476"},"modified":"2025-09-29T15:27:58","modified_gmt":"2025-09-29T13:27:58","slug":"torschuss-nach-1-gegen-1-mit-kontermoeglichkeit","status":"publish","type":"page","link":"http:\/\/www.dnfi.eu\/DNFI\/?page_id=476","title":{"rendered":"Torschuss nach 1 gegen 1 mit Konterm\u00f6glichkeit"},"content":{"rendered":"<p><strong>Torschuss nach 1 gegen 1 mit Konterm\u00f6glichkeit<\/strong><\/p>\n<p><strong>Organisation<\/strong><br \/>\nSpieler in Team A und Team B aufteilen, Abstand zum gro\u00dfen Tor zirka 30 Meter, 2 H\u00fctchen auf der Strafraumlinie. Seitlich zwei Minitore als Kontertore aufbauen.<\/p>\n<p><img loading=\"lazy\" decoding=\"async\" class=\"alignnone  wp-image-479\" src=\"http:\/\/www.dnfi.eu\/DNFI\/wp-content\/uploads\/2025\/09\/dnfi-310x175.png\" alt=\"\" width=\"315\" height=\"178\" srcset=\"http:\/\/www.dnfi.eu\/DNFI\/wp-content\/uploads\/2025\/09\/dnfi-310x175.png 310w, http:\/\/www.dnfi.eu\/DNFI\/wp-content\/uploads\/2025\/09\/dnfi-150x84.png 150w, http:\/\/www.dnfi.eu\/DNFI\/wp-content\/uploads\/2025\/09\/dnfi-768x432.png 768w, http:\/\/www.dnfi.eu\/DNFI\/wp-content\/uploads\/2025\/09\/dnfi-2x1.png 2w, http:\/\/www.dnfi.eu\/DNFI\/wp-content\/uploads\/2025\/09\/dnfi-700x394.png 700w, http:\/\/www.dnfi.eu\/DNFI\/wp-content\/uploads\/2025\/09\/dnfi.png 945w\" sizes=\"auto, (max-width: 315px) 100vw, 315px\" \/><\/p>\n<p><strong>Ablauf<\/strong><br \/>\nBeide Teams stehen mit Ball am Startpunkt. Auf Zeichen des Trainers starten die erste beiden Spieler. Spieler von Team A dribbeln um die H\u00fctchen Richtung Tor, Spieler von Team B mit einem Tempo-Dribbling. Beide versuchen, zum Abschluss auf das gro\u00dfe Tor zu kommen.<br \/>\nDa Spieler B ohne Widerstand (H\u00fctchen) schneller sein sollte, geht er nach seinem Abschluss direkt in ein 1 gegen 1 mit Spieler A, der kann auf das gro\u00dfe Tor schie\u00dft. Spieler B versucht es zu verhindern\/verteidigen. Erobert B den Ball, darf er auf eines der beiden Minitore schie\u00dfen. Welches Team erzielt die meisten Tore? Aufgabenwechsel nach 5 Minuten. 2 Durchg\u00e4nge, bei Unentschieden ein dritter Durchgang.<\/p>\n<p><strong>Hinweise und Tipps<\/strong><br \/>\n\u2022 Hoher Erfolgsdruck beim Torschuss<br \/>\n\u2022 Hoher Spa\u00dffaktor<br \/>\n\u2022 Aus der Bewegung schie\u00dfen<br \/>\n\u2022 Beim Verteidigen K\u00f6rperschwerpunkt tief halten und der Abschluss auf dem schwachen Fu\u00df zwingen.<\/p>\n<p><strong>Variation<\/strong><br \/>\n\u2022 H\u00fctchen auf der anderen Seite aufbauen<br \/>\n\u2022 Verteidiger darf bei Balleroberung auch auf das gro\u00dfe Tor schie\u00dfe<\/p>\n","protected":false},"excerpt":{"rendered":"<p>Torschuss nach 1 gegen 1 mit Konterm\u00f6glichkeit Organisation Spieler in Team A und Team B aufteilen, Abstand zum gro\u00dfen Tor zirka 30 Meter, 2 H\u00fctchen auf der Strafraumlinie. Seitlich zwei Minitore als Kontertore aufbauen. Ablauf Beide Teams stehen mit Ball am Startpunkt. Auf Zeichen des Trainers starten die erste beiden Spieler. Spieler von Team A [&hellip;]<\/p>\n","protected":false},"author":1,"featured_media":0,"parent":0,"menu_order":0,"comment_status":"closed","ping_status":"closed","template":"","meta":{"jetpack_post_was_ever_published":false,"footnotes":""},"class_list":["post-476","page","type-page","status-publish","hentry"],"jetpack_sharing_enabled":true,"jetpack_shortlink":"https:\/\/wp.me\/Pa9Cqd-7G","_links":{"self":[{"href":"http:\/\/www.dnfi.eu\/DNFI\/index.php?rest_route=\/wp\/v2\/pages\/476","targetHints":{"allow":["GET"]}}],"collection":[{"href":"http:\/\/www.dnfi.eu\/DNFI\/index.php?rest_route=\/wp\/v2\/pages"}],"about":[{"href":"http:\/\/www.dnfi.eu\/DNFI\/index.php?rest_route=\/wp\/v2\/types\/page"}],"author":[{"embeddable":true,"href":"http:\/\/www.dnfi.eu\/DNFI\/index.php?rest_route=\/wp\/v2\/users\/1"}],"replies":[{"embeddable":true,"href":"http:\/\/www.dnfi.eu\/DNFI\/index.php?rest_route=%2Fwp%2Fv2%2Fcomments&post=476"}],"version-history":[{"count":1,"href":"http:\/\/www.dnfi.eu\/DNFI\/index.php?rest_route=\/wp\/v2\/pages\/476\/revisions"}],"predecessor-version":[{"id":480,"href":"http:\/\/www.dnfi.eu\/DNFI\/index.php?rest_route=\/wp\/v2\/pages\/476\/revisions\/480"}],"wp:attachment":[{"href":"http:\/\/www.dnfi.eu\/DNFI\/index.php?rest_route=%2Fwp%2Fv2%2Fmedia&parent=476"}],"curies":[{"name":"wp","href":"https:\/\/api.w.org\/{rel}","templated":true}]}}