{"id":97,"date":"2016-11-14T22:23:06","date_gmt":"2016-11-14T21:23:06","guid":{"rendered":"http:\/\/www.dnfi.eu\/DNFI\/?page_id=97"},"modified":"2025-09-29T14:48:52","modified_gmt":"2025-09-29T12:48:52","slug":"jugendtrainerforbildungen","status":"publish","type":"page","link":"http:\/\/www.dnfi.eu\/DNFI\/?page_id=97","title":{"rendered":"Fortbildungen"},"content":{"rendered":"<p><span style=\"color: #ff6600;\"><strong>Warum Sind Trainer aus den Niederlanden so gefragt?<\/strong><\/span><\/p>\n<p><em>\u201eDie niederl\u00e4ndische Trainerausbildung gilt als eine der besten und gr\u00fcndlichsten der Welt. Gro\u00dfer Wert wird seit jeher auf die technische und taktische Schulung der Spieler gelegt, deshalb sind niederl\u00e4ndische Trainer meist sehr gute \u201eEntwickler\u201c. Und sie sind gepr\u00e4gt vom schnellen, offensiven, flexiblen Fu\u00dfball \u2026 \u201e<\/em><br \/>\nChristian Eichler, FAZ<\/p>\n<p>Trainer aus den Niederlanden (Louis van Gaal, Huub Stevens, Guus Hiddink, \u2026) ver\u00e4ndern die Spielweise ihre Mannschaften, sobald sie ihr Traineramt \u00fcbernommen haben. Mit ihrer niederl\u00e4ndischen Philosophie lassen sie einen sehr attraktiven Fu\u00dfball spielen, formen Vereins- und Nationalmannschaften in aller Welt.<\/p>\n<p><img loading=\"lazy\" decoding=\"async\" class=\"alignnone wp-image-304\" src=\"http:\/\/www.dnfi.eu\/DNFI\/wp-content\/uploads\/2016\/11\/trainerfortbildung_dezember_text.jpg\" alt=\"\" width=\"314\" height=\"209\" srcset=\"http:\/\/www.dnfi.eu\/DNFI\/wp-content\/uploads\/2016\/11\/trainerfortbildung_dezember_text.jpg 300w, http:\/\/www.dnfi.eu\/DNFI\/wp-content\/uploads\/2016\/11\/trainerfortbildung_dezember_text-150x100.jpg 150w, http:\/\/www.dnfi.eu\/DNFI\/wp-content\/uploads\/2016\/11\/trainerfortbildung_dezember_text-2x1.jpg 2w\" sizes=\"auto, (max-width: 314px) 100vw, 314px\" \/><br \/>\nEine ausschlaggebende Arbeit im Bereich der Qualifizierung bleiben nach wie vor Aus-, Fort- und Weiterbildung der Trainer. Unabh\u00e4ngig davon auf welcher Leistungsebene und Altersklasse die Trainer arbeiten. Die fu\u00dfballspezifische Bildungsarbeit ist das A und O f\u00fcr eine langfristige erfolgreiche Arbeit. Auch hier nimmt sich das Deutsch-Niederl\u00e4ndische Fu\u00dfball-Institut &#8211; Willy Kaspers die Aufgabe an, Trainer vor Ort zu unterst\u00fctzen, die oftmals \u00fcber keinen Trainerschein verf\u00fcgen und dankbar f\u00fcr jede Anregung sind. Selbstverst\u00e4ndlich sind auch unsere Trainerfortbildungen f\u00fcr Trainer mit Schein interessant.<\/p>\n<p><strong><span style=\"color: #ff6600;\">Traineraus- und Fortbildung vor Ort f\u00fcr<\/span><\/strong><\/p>\n<ul>\n<li>Vereinstrainer<\/li>\n<li>Betreuer<\/li>\n<li>Vereinsmitarbeiter<\/li>\n<li>Alle Interessierte (wie Eltern und \u00e4ltere Jugendliche)<\/li>\n<\/ul>\n<p><img loading=\"lazy\" decoding=\"async\" class=\"alignnone wp-image-305\" src=\"http:\/\/www.dnfi.eu\/DNFI\/wp-content\/uploads\/2016\/11\/awb-3-310x171.jpg\" alt=\"\" width=\"319\" height=\"176\" srcset=\"http:\/\/www.dnfi.eu\/DNFI\/wp-content\/uploads\/2016\/11\/awb-3-310x171.jpg 310w, http:\/\/www.dnfi.eu\/DNFI\/wp-content\/uploads\/2016\/11\/awb-3-150x83.jpg 150w, http:\/\/www.dnfi.eu\/DNFI\/wp-content\/uploads\/2016\/11\/awb-3-768x422.jpg 768w, http:\/\/www.dnfi.eu\/DNFI\/wp-content\/uploads\/2016\/11\/awb-3-2x1.jpg 2w, http:\/\/www.dnfi.eu\/DNFI\/wp-content\/uploads\/2016\/11\/awb-3.jpg 960w\" sizes=\"auto, (max-width: 319px) 100vw, 319px\" \/><\/p>\n<p><span style=\"color: #ff6600;\"><strong>Methodische \u2013 organisatorische Grunds\u00e4tze<\/strong><\/span><\/p>\n<ul>\n<li>Praxis und Theorie auf dem Sportplatz oder in der Halle<\/li>\n<li>Entwicklungsgem\u00e4\u00dfe und motivierende Trainingsinhalte<\/li>\n<li>Hand\u2013Out f\u00fcr die Teilnehmer<\/li>\n<li>Basis-, Grund- und Aufbauseminare (Module)<\/li>\n<\/ul>\n<p><span style=\"color: #ff6600;\"><strong>Spezielle entwicklungsgerechte Themenschwerpunkte (NL Fussballschule und Wiel Coerver Technik)<\/strong><\/span><\/p>\n<ul>\n<li>Lauf-ABC<\/li>\n<li>Koordinationstraining<\/li>\n<li>Intensive Ballbeherrschung<\/li>\n<li>Technikschule<\/li>\n<li>Kleine Spiele<\/li>\n<li>Entwicklung der Spielf\u00e4higkeit (Individual- und Gruppentaktik)<\/li>\n<\/ul>\n<p><strong><span style=\"color: #ff6600;\">Der Gewinn f\u00fcr alle Interessierten an der Traineraus- und Fortbildung liegt auf der Hand<\/span><\/strong><\/p>\n<ul>\n<li>Die Trainer erhalten neuen Input f\u00fcr Ihre Trainingsarbeit<\/li>\n<li>Trainingsmethodische Fragen werden erl\u00e4utert<\/li>\n<li>Die Qualit\u00e4t der Trainingseinheit steigt<\/li>\n<li>Der Spa\u00df im Trainingsprozess steigt, wenn die Trainer besser ausgebildet sind<\/li>\n<li>Die Trainer werden durch regelm\u00e4\u00dfige Fortbildungen Experten auf Ihrem Sektor<\/li>\n<li>Kurz- und langfristige Erfolge in Ihren Kinder- und Jugendmannschaften werden eingeleitet<\/li>\n<li>Die Kinder sind die Sieger und werden zu lebenslangem Sport treiben motiviert<\/li>\n<\/ul>\n<p><img loading=\"lazy\" decoding=\"async\" class=\"alignnone wp-image-306\" src=\"http:\/\/www.dnfi.eu\/DNFI\/wp-content\/uploads\/2016\/11\/IMG-20150712-WA0006-310x174.jpg\" alt=\"\" width=\"319\" height=\"179\" srcset=\"http:\/\/www.dnfi.eu\/DNFI\/wp-content\/uploads\/2016\/11\/IMG-20150712-WA0006-310x174.jpg 310w, http:\/\/www.dnfi.eu\/DNFI\/wp-content\/uploads\/2016\/11\/IMG-20150712-WA0006-150x84.jpg 150w, http:\/\/www.dnfi.eu\/DNFI\/wp-content\/uploads\/2016\/11\/IMG-20150712-WA0006-768x432.jpg 768w, http:\/\/www.dnfi.eu\/DNFI\/wp-content\/uploads\/2016\/11\/IMG-20150712-WA0006-1024x576.jpg 1024w, http:\/\/www.dnfi.eu\/DNFI\/wp-content\/uploads\/2016\/11\/IMG-20150712-WA0006-2x1.jpg 2w, http:\/\/www.dnfi.eu\/DNFI\/wp-content\/uploads\/2016\/11\/IMG-20150712-WA0006.jpg 1328w\" sizes=\"auto, (max-width: 319px) 100vw, 319px\" \/><\/p>\n<p><em>Weitere Informationen zur Trainerfortbildung auf Anfrage unter der E-mail wkaspers[at]dnfi.eu<\/em><\/p>\n","protected":false},"excerpt":{"rendered":"<p>Warum Sind Trainer aus den Niederlanden so gefragt? \u201eDie niederl\u00e4ndische Trainerausbildung gilt als eine der besten und gr\u00fcndlichsten der Welt. Gro\u00dfer Wert wird seit jeher auf die technische und taktische Schulung der Spieler gelegt, deshalb sind niederl\u00e4ndische Trainer meist sehr gute \u201eEntwickler\u201c. Und sie sind gepr\u00e4gt vom schnellen, offensiven, flexiblen Fu\u00dfball \u2026 \u201e Christian Eichler, [&hellip;]<\/p>\n","protected":false},"author":1,"featured_media":0,"parent":0,"menu_order":0,"comment_status":"closed","ping_status":"closed","template":"","meta":{"jetpack_post_was_ever_published":false,"footnotes":""},"class_list":["post-97","page","type-page","status-publish","hentry"],"jetpack_sharing_enabled":true,"jetpack_shortlink":"https:\/\/wp.me\/Pa9Cqd-1z","_links":{"self":[{"href":"http:\/\/www.dnfi.eu\/DNFI\/index.php?rest_route=\/wp\/v2\/pages\/97","targetHints":{"allow":["GET"]}}],"collection":[{"href":"http:\/\/www.dnfi.eu\/DNFI\/index.php?rest_route=\/wp\/v2\/pages"}],"about":[{"href":"http:\/\/www.dnfi.eu\/DNFI\/index.php?rest_route=\/wp\/v2\/types\/page"}],"author":[{"embeddable":true,"href":"http:\/\/www.dnfi.eu\/DNFI\/index.php?rest_route=\/wp\/v2\/users\/1"}],"replies":[{"embeddable":true,"href":"http:\/\/www.dnfi.eu\/DNFI\/index.php?rest_route=%2Fwp%2Fv2%2Fcomments&post=97"}],"version-history":[{"count":20,"href":"http:\/\/www.dnfi.eu\/DNFI\/index.php?rest_route=\/wp\/v2\/pages\/97\/revisions"}],"predecessor-version":[{"id":466,"href":"http:\/\/www.dnfi.eu\/DNFI\/index.php?rest_route=\/wp\/v2\/pages\/97\/revisions\/466"}],"wp:attachment":[{"href":"http:\/\/www.dnfi.eu\/DNFI\/index.php?rest_route=%2Fwp%2Fv2%2Fmedia&parent=97"}],"curies":[{"name":"wp","href":"https:\/\/api.w.org\/{rel}","templated":true}]}}